{"id":7,"date":"2017-04-24T08:12:37","date_gmt":"2017-04-24T08:12:37","guid":{"rendered":"http:\/\/spectrummedical.evergenius.co\/?page_id=7"},"modified":"2023-04-18T14:10:41","modified_gmt":"2023-04-18T21:10:41","slug":"procedures","status":"publish","type":"page","link":"https:\/\/myhairmd.com\/es\/procedures\/","title":{"rendered":"SERVICIO"},"content":{"rendered":"<div class=\"wpb-content-wrapper\"><div class=\"vc_row wpb_row vc_row-fluid xt-banner-inner vc_custom_1586388777118 xt-padding-initial vc_row-has-fill\"><div class=\"xt-container xt-container-center xt-padding-none\"><div class=\"wpb_column vc_column_container vc_col-sm-12\"><div class=\"vc_column-inner\"><div class=\"wpb_wrapper\">\n\t<div class=\"wpb_text_column wpb_content_element xt-white\" >\n\t\t<div class=\"wpb_wrapper\">\n\t\t\t<h1 style=\"text-align: center;\"><span style=\"color: #345168;\">NUESTRO SERVICIO<\/span><\/h1>\n\n\t\t<\/div>\n\t<\/div>\n<\/div><\/div><\/div><\/div><\/div><div class=\"vc_row wpb_row vc_row-fluid xt-padding-large\"><div class=\"xt-container xt-container-center xt-padding-none\"><div class=\"wpb_column vc_column_container vc_col-sm-12\"><div class=\"vc_column-inner\"><div class=\"wpb_wrapper\">\n\t<div class=\"wpb_text_column wpb_content_element\" >\n\t\t<div class=\"wpb_wrapper\">\n\t\t\t<h2 style=\"text-align: center;\">My Hair MD - Cirug\u00eda Art\u00edstica de Restauraci\u00f3n del Cabello<\/h2>\n<p>&nbsp;<\/p>\n\n\t\t<\/div>\n\t<\/div>\n<div class=\"vc_empty_space\"   style=\"height: 20px\"><span class=\"vc_empty_space_inner\"><\/span><\/div>\n\t<div class=\"wpb_text_column wpb_content_element\" >\n\t\t<div class=\"wpb_wrapper\">\n\t\t\t<p style=\"text-align: center;\">Aqui en, My Hair MD, le damos 2,5 veces m\u00e1s cabello y densidad por su dinero, utilizando injertos de unidades foliculares totalmente naturales.<\/p>\n<p>&nbsp;<\/p>\n\n\t\t<\/div>\n\t<\/div>\n<div class=\"vc_empty_space\"   style=\"height: 40px\"><span class=\"vc_empty_space_inner\"><\/span><\/div><div class=\"templatera_shortcode\"><div class=\"vc_row wpb_row vc_row-fluid\"><div class=\"xt-container xt-container-center xt-padding-none\"><div class=\"wpb_column vc_column_container vc_col-sm-12\"><div class=\"vc_column-inner\"><div class=\"wpb_wrapper\"><div class=\"vc_row wpb_row vc_inner vc_row-fluid xt-services-row vc_column-gap-30 vc_row-o-equal-height vc_row-flex\"><div class=\"wpb_column vc_column_container vc_col-sm-3\"><div class=\"vc_column-inner\"><div class=\"wpb_wrapper\">\n\t<div class=\"wpb_text_column wpb_content_element\" >\n\t\t<div class=\"wpb_wrapper\">\n\t\t\t<p><img loading=\"lazy\" decoding=\"async\" class=\"alignnone size-full wp-image-4306 aligncenter\" src=\"https:\/\/myhairmd.com\/wp-content\/uploads\/2019\/10\/01.png\" alt=\"\" width=\"350\" height=\"350\" srcset=\"https:\/\/myhairmd.com\/wp-content\/uploads\/2019\/10\/01.png 350w, https:\/\/myhairmd.com\/wp-content\/uploads\/2019\/10\/01-150x150.png 150w, https:\/\/myhairmd.com\/wp-content\/uploads\/2019\/10\/01-125x125.png 125w, https:\/\/myhairmd.com\/wp-content\/uploads\/2019\/10\/01-75x75.png 75w\" sizes=\"auto, (max-width: 350px) 100vw, 350px\" \/><\/p>\n\n\t\t<\/div>\n\t<\/div>\n<div class=\"vc_empty_space\"   style=\"height: 20px\"><span class=\"vc_empty_space_inner\"><\/span><\/div>\n\t<div class=\"wpb_text_column wpb_content_element\" >\n\t\t<div class=\"wpb_wrapper\">\n\t\t\t<h3 style=\"text-align: center;\">T\u00e9cnica FUE, extraer individualmente, trasplante de pelo<\/h3>\n<p style=\"text-align: center;\"><a href=\"\/es\/follicular-hair-extraction-fue\/\">Aprende M\u00e1s +<\/a><\/p>\n\n\t\t<\/div>\n\t<\/div>\n<\/div><\/div><\/div><div class=\"wpb_column vc_column_container vc_col-sm-3\"><div class=\"vc_column-inner\"><div class=\"wpb_wrapper\">\n\t<div class=\"wpb_text_column wpb_content_element\" >\n\t\t<div class=\"wpb_wrapper\">\n\t\t\t<p><img loading=\"lazy\" decoding=\"async\" class=\"alignnone size-full wp-image-4307 aligncenter\" src=\"https:\/\/myhairmd.com\/wp-content\/uploads\/2019\/10\/02.png\" alt=\"\" width=\"350\" height=\"350\" srcset=\"https:\/\/myhairmd.com\/wp-content\/uploads\/2019\/10\/02.png 350w, https:\/\/myhairmd.com\/wp-content\/uploads\/2019\/10\/02-150x150.png 150w, https:\/\/myhairmd.com\/wp-content\/uploads\/2019\/10\/02-125x125.png 125w, https:\/\/myhairmd.com\/wp-content\/uploads\/2019\/10\/02-75x75.png 75w\" sizes=\"auto, (max-width: 350px) 100vw, 350px\" \/><\/p>\n\n\t\t<\/div>\n\t<\/div>\n<div class=\"vc_empty_space\"   style=\"height: 20px\"><span class=\"vc_empty_space_inner\"><\/span><\/div>\n\t<div class=\"wpb_text_column wpb_content_element\" >\n\t\t<div class=\"wpb_wrapper\">\n\t\t\t<h3 style=\"text-align: center;\">T\u00e9cnica FUT, De La Tira<\/h3>\n<p style=\"text-align: center;\"><a href=\"\/es\/follicular-hair-grafting-fug\/\">Aprende M\u00e1s +<\/a><\/p>\n\n\t\t<\/div>\n\t<\/div>\n<\/div><\/div><\/div><div class=\"wpb_column vc_column_container vc_col-sm-3\"><div class=\"vc_column-inner\"><div class=\"wpb_wrapper\">\n\t<div class=\"wpb_text_column wpb_content_element\" >\n\t\t<div class=\"wpb_wrapper\">\n\t\t\t<p><img loading=\"lazy\" decoding=\"async\" class=\"alignnone size-full wp-image-4308 aligncenter\" src=\"https:\/\/myhairmd.com\/wp-content\/uploads\/2019\/10\/03.png\" alt=\"\" width=\"350\" height=\"350\" srcset=\"https:\/\/myhairmd.com\/wp-content\/uploads\/2019\/10\/03.png 350w, https:\/\/myhairmd.com\/wp-content\/uploads\/2019\/10\/03-150x150.png 150w, https:\/\/myhairmd.com\/wp-content\/uploads\/2019\/10\/03-125x125.png 125w, https:\/\/myhairmd.com\/wp-content\/uploads\/2019\/10\/03-75x75.png 75w\" sizes=\"auto, (max-width: 350px) 100vw, 350px\" \/><\/p>\n\n\t\t<\/div>\n\t<\/div>\n<div class=\"vc_empty_space\"   style=\"height: 20px\"><span class=\"vc_empty_space_inner\"><\/span><\/div>\n\t<div class=\"wpb_text_column wpb_content_element\" >\n\t\t<div class=\"wpb_wrapper\">\n\t\t\t<h3 style=\"text-align: center;\">Transplantes de barba y facial<\/h3>\n<p style=\"text-align: center;\"><a href=\"\/es\/facial-hair-transplant\/\">Aprende M\u00e1s +<\/a><\/p>\n\n\t\t<\/div>\n\t<\/div>\n<\/div><\/div><\/div><div class=\"wpb_column vc_column_container vc_col-sm-3\"><div class=\"vc_column-inner\"><div class=\"wpb_wrapper\">\n\t<div class=\"wpb_text_column wpb_content_element\" >\n\t\t<div class=\"wpb_wrapper\">\n\t\t\t<p><img loading=\"lazy\" decoding=\"async\" class=\"alignnone size-full wp-image-4309 aligncenter\" src=\"https:\/\/myhairmd.com\/wp-content\/uploads\/2019\/10\/04.png\" alt=\"\" width=\"350\" height=\"350\" srcset=\"https:\/\/myhairmd.com\/wp-content\/uploads\/2019\/10\/04.png 350w, https:\/\/myhairmd.com\/wp-content\/uploads\/2019\/10\/04-150x150.png 150w, https:\/\/myhairmd.com\/wp-content\/uploads\/2019\/10\/04-125x125.png 125w, https:\/\/myhairmd.com\/wp-content\/uploads\/2019\/10\/04-75x75.png 75w\" sizes=\"auto, (max-width: 350px) 100vw, 350px\" \/><\/p>\n\n\t\t<\/div>\n\t<\/div>\n<div class=\"vc_empty_space\"   style=\"height: 20px\"><span class=\"vc_empty_space_inner\"><\/span><\/div>\n\t<div class=\"wpb_text_column wpb_content_element\" >\n\t\t<div class=\"wpb_wrapper\">\n\t\t\t<h3 style=\"text-align: center;\">Trasplante de pelo de cejas<\/h3>\n<p style=\"text-align: center;\"><a href=\"\/es\/eyebrow-hair-transplant\/\">Aprende M\u00e1s +<\/a><\/p>\n\n\t\t<\/div>\n\t<\/div>\n<\/div><\/div><\/div><\/div><\/div><\/div><\/div><\/div><\/div><div class=\"vc_row wpb_row vc_row-fluid\"><div class=\"xt-container xt-container-center xt-padding-none\"><div class=\"wpb_column vc_column_container vc_col-sm-12\"><div class=\"vc_column-inner\"><div class=\"wpb_wrapper\"><div class=\"vc_row wpb_row vc_inner vc_row-fluid xt-services-row vc_column-gap-30 vc_row-o-equal-height vc_row-flex\"><div class=\"wpb_column vc_column_container vc_col-sm-3\"><div class=\"vc_column-inner\"><div class=\"wpb_wrapper\">\n\t<div class=\"wpb_text_column wpb_content_element\" >\n\t\t<div class=\"wpb_wrapper\">\n\t\t\t<p><img loading=\"lazy\" decoding=\"async\" class=\"alignnone size-full wp-image-4311 aligncenter\" src=\"https:\/\/myhairmd.com\/wp-content\/uploads\/2019\/10\/05.png\" alt=\"\" width=\"350\" height=\"350\" srcset=\"https:\/\/myhairmd.com\/wp-content\/uploads\/2019\/10\/05.png 350w, https:\/\/myhairmd.com\/wp-content\/uploads\/2019\/10\/05-150x150.png 150w, https:\/\/myhairmd.com\/wp-content\/uploads\/2019\/10\/05-125x125.png 125w, https:\/\/myhairmd.com\/wp-content\/uploads\/2019\/10\/05-75x75.png 75w\" sizes=\"auto, (max-width: 350px) 100vw, 350px\" \/><\/p>\n\n\t\t<\/div>\n\t<\/div>\n<div class=\"vc_empty_space\"   style=\"height: 20px\"><span class=\"vc_empty_space_inner\"><\/span><\/div>\n\t<div class=\"wpb_text_column wpb_content_element\" >\n\t\t<div class=\"wpb_wrapper\">\n\t\t\t<h3 style=\"text-align: center;\">Procedimientos de cirug\u00eda de trasplante de cabello<\/h3>\n<p style=\"text-align: center;\"><a href=\"\/es\/hair-transplant-procedure\/\">Aprende M\u00e1s +<\/a><\/p>\n\n\t\t<\/div>\n\t<\/div>\n<\/div><\/div><\/div><div class=\"wpb_column vc_column_container vc_col-sm-3\"><div class=\"vc_column-inner\"><div class=\"wpb_wrapper\">\n\t<div class=\"wpb_text_column wpb_content_element\" >\n\t\t<div class=\"wpb_wrapper\">\n\t\t\t<p><img loading=\"lazy\" decoding=\"async\" class=\"alignnone size-full wp-image-4312 aligncenter\" src=\"https:\/\/myhairmd.com\/wp-content\/uploads\/2019\/10\/06.png\" alt=\"\" width=\"350\" height=\"350\" srcset=\"https:\/\/myhairmd.com\/wp-content\/uploads\/2019\/10\/06.png 350w, https:\/\/myhairmd.com\/wp-content\/uploads\/2019\/10\/06-150x150.png 150w, https:\/\/myhairmd.com\/wp-content\/uploads\/2019\/10\/06-125x125.png 125w, https:\/\/myhairmd.com\/wp-content\/uploads\/2019\/10\/06-75x75.png 75w\" sizes=\"auto, (max-width: 350px) 100vw, 350px\" \/><\/p>\n\n\t\t<\/div>\n\t<\/div>\n<div class=\"vc_empty_space\"   style=\"height: 20px\"><span class=\"vc_empty_space_inner\"><\/span><\/div>\n\t<div class=\"wpb_text_column wpb_content_element\" >\n\t\t<div class=\"wpb_wrapper\">\n\t\t\t<h3 style=\"text-align: center;\">T\u00e9cnica MINI FUE, extraer individualmente, trasplante de pelo con menos cantidad<\/h3>\n<p style=\"text-align: center;\"><a href=\"\/es\/mini-follicular-unit-extraction\/\">Aprende M\u00e1s +<\/a><\/p>\n\n\t\t<\/div>\n\t<\/div>\n<\/div><\/div><\/div><div class=\"wpb_column vc_column_container vc_col-sm-3\"><div class=\"vc_column-inner\"><div class=\"wpb_wrapper\">\n\t<div class=\"wpb_text_column wpb_content_element\" >\n\t\t<div class=\"wpb_wrapper\">\n\t\t\t<p><img loading=\"lazy\" decoding=\"async\" class=\"alignnone size-full wp-image-4313 aligncenter\" src=\"https:\/\/myhairmd.com\/wp-content\/uploads\/2019\/10\/07.png\" alt=\"\" width=\"350\" height=\"350\" srcset=\"https:\/\/myhairmd.com\/wp-content\/uploads\/2019\/10\/07.png 350w, https:\/\/myhairmd.com\/wp-content\/uploads\/2019\/10\/07-150x150.png 150w, https:\/\/myhairmd.com\/wp-content\/uploads\/2019\/10\/07-125x125.png 125w, https:\/\/myhairmd.com\/wp-content\/uploads\/2019\/10\/07-75x75.png 75w\" sizes=\"auto, (max-width: 350px) 100vw, 350px\" \/><\/p>\n\n\t\t<\/div>\n\t<\/div>\n<div class=\"vc_empty_space\"   style=\"height: 20px\"><span class=\"vc_empty_space_inner\"><\/span><\/div>\n\t<div class=\"wpb_text_column wpb_content_element\" >\n\t\t<div class=\"wpb_wrapper\">\n\t\t\t<h3 style=\"text-align: center;\">Trasplante de cabello para mujeres<\/h3>\n<p style=\"text-align: center;\"><a href=\"\/es\/womens-hair-transplants\/\">Aprende M\u00e1s +<\/a><\/p>\n\n\t\t<\/div>\n\t<\/div>\n<\/div><\/div><\/div><div class=\"wpb_column vc_column_container vc_col-sm-3\"><div class=\"vc_column-inner\"><div class=\"wpb_wrapper\">\n\t<div class=\"wpb_text_column wpb_content_element\" >\n\t\t<div class=\"wpb_wrapper\">\n\t\t\t<p><img loading=\"lazy\" decoding=\"async\" class=\"alignnone size-full wp-image-4314 aligncenter\" src=\"https:\/\/myhairmd.com\/wp-content\/uploads\/2019\/10\/08.png\" alt=\"\" width=\"350\" height=\"350\" srcset=\"https:\/\/myhairmd.com\/wp-content\/uploads\/2019\/10\/08.png 350w, https:\/\/myhairmd.com\/wp-content\/uploads\/2019\/10\/08-150x150.png 150w, https:\/\/myhairmd.com\/wp-content\/uploads\/2019\/10\/08-125x125.png 125w, https:\/\/myhairmd.com\/wp-content\/uploads\/2019\/10\/08-75x75.png 75w\" sizes=\"auto, (max-width: 350px) 100vw, 350px\" \/><\/p>\n\n\t\t<\/div>\n\t<\/div>\n<div class=\"vc_empty_space\"   style=\"height: 20px\"><span class=\"vc_empty_space_inner\"><\/span><\/div>\n\t<div class=\"wpb_text_column wpb_content_element\" >\n\t\t<div class=\"wpb_wrapper\">\n\t\t\t<h3 style=\"text-align: center;\">Micropigmentaci\u00f3n del cuero cabelludo<\/h3>\n<p style=\"text-align: center;\"><a href=\"\/es\/scalp-micropigmentatio\/\">Aprende M\u00e1s +<\/a><\/p>\n\n\t\t<\/div>\n\t<\/div>\n<\/div><\/div><\/div><\/div><\/div><\/div><\/div><\/div><\/div><\/div><\/div><\/div><\/div><\/div><\/div>\n<\/div>","protected":false},"excerpt":{"rendered":"Our Services My Hair MD - Artistic Hair Restoration Surgery &nbsp; At My Hair MD, we give you 2.5 times more hair and density for your money, using all-natural follicular unit grafts. &nbsp; (FUE) Hair Transplant Learn More + FUT\/Strip Hair Transplants Learn More + [...]","protected":false},"author":7,"featured_media":0,"parent":0,"menu_order":0,"comment_status":"closed","ping_status":"closed","template":"","meta":{"_acf_changed":false,"inline_featured_image":false,"advgb_blocks_editor_width":"","advgb_blocks_columns_visual_guide":"","ngg_post_thumbnail":0,"footnotes":""},"class_list":["post-7","page","type-page","status-publish","hentry","xt-post"],"acf":[],"yoast_head":"<!-- This site is optimized with the Yoast SEO plugin v27.3 - https:\/\/yoast.com\/product\/yoast-seo-wordpress\/ -->\n<title>Best Hair Transplant | San Diego California | My Hair MD<\/title>\n<meta name=\"description\" content=\"Looking for the best hair transplant clinic in California? Look no further than My Hair MD for all types of hair growth treatments, including FUE hair transplant.\" \/>\n<meta name=\"robots\" content=\"index, follow, max-snippet:-1, max-image-preview:large, max-video-preview:-1\" \/>\n<link rel=\"canonical\" href=\"https:\/\/myhairmd.com\/es\/procedures\/\" \/>\n<meta property=\"og:locale\" content=\"es_ES\" \/>\n<meta property=\"og:type\" content=\"article\" \/>\n<meta property=\"og:title\" content=\"Best Hair Transplant | San Diego California | My Hair MD\" \/>\n<meta property=\"og:description\" content=\"Looking for the best hair transplant clinic in California? Look no further than My Hair MD for all types of hair growth treatments, including FUE hair transplant.\" \/>\n<meta property=\"og:url\" content=\"https:\/\/myhairmd.com\/es\/procedures\/\" \/>\n<meta property=\"og:site_name\" content=\"My Hair MD\" \/>\n<meta property=\"article:modified_time\" content=\"2023-04-18T21:10:41+00:00\" \/>\n<meta name=\"twitter:card\" content=\"summary_large_image\" \/>\n<meta name=\"twitter:label1\" content=\"Tiempo de lectura\" \/>\n\t<meta name=\"twitter:data1\" content=\"1 minuto\" \/>\n<script type=\"application\/ld+json\" class=\"yoast-schema-graph\">{\"@context\":\"https:\\\/\\\/schema.org\",\"@graph\":[{\"@type\":\"WebPage\",\"@id\":\"https:\\\/\\\/myhairmd.com\\\/procedures\\\/\",\"url\":\"https:\\\/\\\/myhairmd.com\\\/procedures\\\/\",\"name\":\"Best Hair Transplant | San Diego California | My Hair MD\",\"isPartOf\":{\"@id\":\"https:\\\/\\\/myhairmd.com\\\/#website\"},\"datePublished\":\"2017-04-24T08:12:37+00:00\",\"dateModified\":\"2023-04-18T21:10:41+00:00\",\"description\":\"Looking for the best hair transplant clinic in California? Look no further than My Hair MD for all types of hair growth treatments, including FUE hair transplant.\",\"inLanguage\":\"es\",\"potentialAction\":[{\"@type\":\"ReadAction\",\"target\":[\"https:\\\/\\\/myhairmd.com\\\/procedures\\\/\"]}]},{\"@type\":\"WebSite\",\"@id\":\"https:\\\/\\\/myhairmd.com\\\/#website\",\"url\":\"https:\\\/\\\/myhairmd.com\\\/\",\"name\":\"My Hair MD\",\"description\":\"Hair Transplant San Diego, CA\",\"publisher\":{\"@id\":\"https:\\\/\\\/myhairmd.com\\\/#organization\"},\"potentialAction\":[{\"@type\":\"SearchAction\",\"target\":{\"@type\":\"EntryPoint\",\"urlTemplate\":\"https:\\\/\\\/myhairmd.com\\\/?s={search_term_string}\"},\"query-input\":{\"@type\":\"PropertyValueSpecification\",\"valueRequired\":true,\"valueName\":\"search_term_string\"}}],\"inLanguage\":\"es\"},{\"@type\":\"Organization\",\"@id\":\"https:\\\/\\\/myhairmd.com\\\/#organization\",\"name\":\"MyHairMD\",\"url\":\"https:\\\/\\\/myhairmd.com\\\/\",\"logo\":{\"@type\":\"ImageObject\",\"inLanguage\":\"es\",\"@id\":\"https:\\\/\\\/myhairmd.com\\\/#\\\/schema\\\/logo\\\/image\\\/\",\"url\":\"https:\\\/\\\/myhairmd.com\\\/wp-content\\\/uploads\\\/2023\\\/04\\\/MyHair_logo_tweak_FINAL_FINAL_color.png\",\"contentUrl\":\"https:\\\/\\\/myhairmd.com\\\/wp-content\\\/uploads\\\/2023\\\/04\\\/MyHair_logo_tweak_FINAL_FINAL_color.png\",\"width\":1756,\"height\":518,\"caption\":\"MyHairMD\"},\"image\":{\"@id\":\"https:\\\/\\\/myhairmd.com\\\/#\\\/schema\\\/logo\\\/image\\\/\"}}]}<\/script>\n<!-- \/ Yoast SEO plugin. -->","yoast_head_json":{"title":"Best Hair Transplant | San Diego California | My Hair MD","description":"Looking for the best hair transplant clinic in California? Look no further than My Hair MD for all types of hair growth treatments, including FUE hair transplant.","robots":{"index":"index","follow":"follow","max-snippet":"max-snippet:-1","max-image-preview":"max-image-preview:large","max-video-preview":"max-video-preview:-1"},"canonical":"https:\/\/myhairmd.com\/es\/procedures\/","og_locale":"es_ES","og_type":"article","og_title":"Best Hair Transplant | San Diego California | My Hair MD","og_description":"Looking for the best hair transplant clinic in California? Look no further than My Hair MD for all types of hair growth treatments, including FUE hair transplant.","og_url":"https:\/\/myhairmd.com\/es\/procedures\/","og_site_name":"My Hair MD","article_modified_time":"2023-04-18T21:10:41+00:00","twitter_card":"summary_large_image","twitter_misc":{"Tiempo de lectura":"1 minuto"},"schema":{"@context":"https:\/\/schema.org","@graph":[{"@type":"WebPage","@id":"https:\/\/myhairmd.com\/procedures\/","url":"https:\/\/myhairmd.com\/procedures\/","name":"Best Hair Transplant | San Diego California | My Hair MD","isPartOf":{"@id":"https:\/\/myhairmd.com\/#website"},"datePublished":"2017-04-24T08:12:37+00:00","dateModified":"2023-04-18T21:10:41+00:00","description":"Looking for the best hair transplant clinic in California? Look no further than My Hair MD for all types of hair growth treatments, including FUE hair transplant.","inLanguage":"es","potentialAction":[{"@type":"ReadAction","target":["https:\/\/myhairmd.com\/procedures\/"]}]},{"@type":"WebSite","@id":"https:\/\/myhairmd.com\/#website","url":"https:\/\/myhairmd.com\/","name":"Aqui con, MY HAIR TRANSPLANT MD","description":"Hair Transplant San Diego, CA","publisher":{"@id":"https:\/\/myhairmd.com\/#organization"},"potentialAction":[{"@type":"SearchAction","target":{"@type":"EntryPoint","urlTemplate":"https:\/\/myhairmd.com\/?s={search_term_string}"},"query-input":{"@type":"PropertyValueSpecification","valueRequired":true,"valueName":"search_term_string"}}],"inLanguage":"es"},{"@type":"Organization","@id":"https:\/\/myhairmd.com\/#organization","name":"MyHairMD","url":"https:\/\/myhairmd.com\/","logo":{"@type":"ImageObject","inLanguage":"es","@id":"https:\/\/myhairmd.com\/#\/schema\/logo\/image\/","url":"https:\/\/myhairmd.com\/wp-content\/uploads\/2023\/04\/MyHair_logo_tweak_FINAL_FINAL_color.png","contentUrl":"https:\/\/myhairmd.com\/wp-content\/uploads\/2023\/04\/MyHair_logo_tweak_FINAL_FINAL_color.png","width":1756,"height":518,"caption":"MyHairMD"},"image":{"@id":"https:\/\/myhairmd.com\/#\/schema\/logo\/image\/"}}]}},"coauthors":[],"author_meta":{"author_link":"https:\/\/myhairmd.com\/es\/author\/client\/","display_name":"Client"},"relative_dates":{"created":"Publicado 9 a\u00f1os hace","modified":"Actualizado 3 a\u00f1os hace"},"absolute_dates":{"created":"Publicado el abril 24, 2017","modified":"Actualizado el abril 18, 2023"},"absolute_dates_time":{"created":"Publicado el abril 24, 2017 8:12 am","modified":"Actualizado el abril 18, 2023 2:10 pm"},"featured_img_caption":"","featured_img":false,"series_order":"","_links":{"self":[{"href":"https:\/\/myhairmd.com\/es\/wp-json\/wp\/v2\/pages\/7","targetHints":{"allow":["GET"]}}],"collection":[{"href":"https:\/\/myhairmd.com\/es\/wp-json\/wp\/v2\/pages"}],"about":[{"href":"https:\/\/myhairmd.com\/es\/wp-json\/wp\/v2\/types\/page"}],"author":[{"embeddable":true,"href":"https:\/\/myhairmd.com\/es\/wp-json\/wp\/v2\/users\/7"}],"replies":[{"embeddable":true,"href":"https:\/\/myhairmd.com\/es\/wp-json\/wp\/v2\/comments?post=7"}],"version-history":[{"count":1,"href":"https:\/\/myhairmd.com\/es\/wp-json\/wp\/v2\/pages\/7\/revisions"}],"predecessor-version":[{"id":5644,"href":"https:\/\/myhairmd.com\/es\/wp-json\/wp\/v2\/pages\/7\/revisions\/5644"}],"wp:attachment":[{"href":"https:\/\/myhairmd.com\/es\/wp-json\/wp\/v2\/media?parent=7"}],"curies":[{"name":"wp","href":"https:\/\/api.w.org\/{rel}","templated":true}]}}