{"id":1965,"date":"2020-09-07T07:23:57","date_gmt":"2020-09-07T07:23:57","guid":{"rendered":"http:\/\/myhairtransplantmd.evergenius.co\/?page_id=1965"},"modified":"2023-04-18T14:00:46","modified_gmt":"2023-04-18T21:00:46","slug":"low-cost-hair-transplant","status":"publish","type":"page","link":"https:\/\/myhairmd.com\/es\/low-cost-hair-transplant\/","title":{"rendered":"Nuestra F\u00f3rmula Para El Exito"},"content":{"rendered":"<div class=\"wpb-content-wrapper\"><div class=\"vc_row wpb_row vc_row-fluid xt-banner-inner vc_custom_1587062456877 xt-padding-initial vc_row-has-fill\"><div class=\"xt-container xt-container-center xt-padding-none\"><div class=\"wpb_column vc_column_container vc_col-sm-12\"><div class=\"vc_column-inner\"><div class=\"wpb_wrapper\">\n\t<div class=\"wpb_text_column wpb_content_element xt-white\" >\n\t\t<div class=\"wpb_wrapper\">\n\t\t\t<h1 style=\"text-align: center;\"><span style=\"color: #3d84b0;\">Nuestra F\u00f3rmula Para El Exito<\/span><\/h1>\n\n\t\t<\/div>\n\t<\/div>\n<\/div><\/div><\/div><\/div><\/div><div class=\"vc_row wpb_row vc_row-fluid vc_custom_1572531687039 xt-padding-initial\"><div class=\"xt-container xt-container-center xt-padding-none\"><div class=\"wpb_column vc_column_container vc_col-sm-12\"><div class=\"vc_column-inner\"><div class=\"wpb_wrapper\"><div class=\"vc_row wpb_row vc_inner vc_row-fluid\"><div class=\"wpb_column vc_column_container vc_col-sm-8\"><div class=\"vc_column-inner\"><div class=\"wpb_wrapper\">\n\t<div class=\"wpb_text_column wpb_content_element\" >\n\t\t<div class=\"wpb_wrapper\">\n\t\t\t<p><strong>Nuestra F\u00f3rmula Para El Exito<\/strong><\/p>\n<h3>Tecnolog\u00eda propietario de mapeo y densidad del cabello 3D<\/h3>\n<p><strong>Ventaje fe T\u00e9cnica FUE<\/strong><\/p>\n<ol>\n<li>Medimos el tama\u00f1o del \u00e1rea delgada o calva que desea restaurar<\/li>\n<li>Discutimos su \"Factor de Densidad\" del Cabello usando la Ciencia Moderna del Cabello. \u00bfEst\u00e1 buscando Densidad o Cobertura Adicional?<\/li>\n<li>We Clarify which of the 2 procedures will best&nbsp;suit your&nbsp;lifestyle.<\/li>\n<li>We Calculate the number of Grafts needed, by multiplying the area you want restored, by the desired density&nbsp;factor times the cost per graft.<\/li>\n<li class=\"translation-block\">Tarifas\/Costos: T\u00e9cnica FUE, extraer individualmente, trasplante de pelo $4-$8\/injerto y FUT\/STRIP- T\u00e9cnica De La Tira $3-$5\/injerto. De vez en cuando ofrecemos ofertas especiales. Por favor, pregunte a su representante de pacientes sobre ellos. \nLas cicatrices excesivas debido a procedimientos previos est\u00e1n sujetas a un cargo adicional. Cirug\u00eda m\u00ednima 1000 injertos.  Pregunte sobre el 100% \"Sin Financiaci\u00f3n de Intereses.\" Pregunte por nuestros incentivos de viaje y programa de cargos en espera.<\/li>\n<\/ol>\n<p>Actuar sobre esta informaci\u00f3n y ahorrar miles de d\u00f3lares de tiempo perdido y esfuerzo corriendo alrededor de m\u00e9dicos a m\u00e9dicos. Obtenga el aspecto que desea en el precio que realmente puede permitirse.<\/p>\n\n\t\t<\/div>\n\t<\/div>\n<\/div><\/div><\/div><div class=\"wpb_column vc_column_container vc_col-sm-4\"><div class=\"vc_column-inner\"><div class=\"wpb_wrapper\">\n\t<div  class=\"wpb_single_image wpb_content_element vc_align_center wpb_content_element\">\n\t\t\n\t\t<figure class=\"wpb_wrapper vc_figure\">\n\t\t\t<div class=\"vc_single_image-wrapper   vc_box_border_grey\"><img loading=\"lazy\" decoding=\"async\" width=\"1024\" height=\"768\" src=\"https:\/\/myhairmd.com\/wp-content\/uploads\/2020\/09\/grid-on-head-2-scaled-1024x768-1.jpg\" class=\"vc_single_image-img attachment-full\" alt=\"grid on head\" title=\"grid-on-head-2-scaled-1024x768\" srcset=\"https:\/\/myhairmd.com\/wp-content\/uploads\/2020\/09\/grid-on-head-2-scaled-1024x768-1.jpg 1024w, https:\/\/myhairmd.com\/wp-content\/uploads\/2020\/09\/grid-on-head-2-scaled-1024x768-1-400x300.jpg 400w, https:\/\/myhairmd.com\/wp-content\/uploads\/2020\/09\/grid-on-head-2-scaled-1024x768-1-768x576.jpg 768w, https:\/\/myhairmd.com\/wp-content\/uploads\/2020\/09\/grid-on-head-2-scaled-1024x768-1-125x94.jpg 125w, https:\/\/myhairmd.com\/wp-content\/uploads\/2020\/09\/grid-on-head-2-scaled-1024x768-1-75x56.jpg 75w\" sizes=\"auto, (max-width: 1024px) 100vw, 1024px\" \/><\/div>\n\t\t<\/figure>\n\t<\/div>\n<\/div><\/div><\/div><\/div><div class=\"vc_row wpb_row vc_inner vc_row-fluid\"><div class=\"wpb_column vc_column_container vc_col-sm-8\"><div class=\"vc_column-inner\"><div class=\"wpb_wrapper\">\n\t<div class=\"wpb_text_column wpb_content_element\" >\n\t\t<div class=\"wpb_wrapper\">\n\t\t\t<p><img loading=\"lazy\" decoding=\"async\" class=\"alignnone size-full wp-image-2029\" src=\"https:\/\/myhairmd.com\/wp-content\/uploads\/2020\/09\/zones-300x1691-1-1.jpg\" alt=\"\" width=\"300\" height=\"169\" srcset=\"https:\/\/myhairmd.com\/wp-content\/uploads\/2020\/09\/zones-300x1691-1-1.jpg 300w, https:\/\/myhairmd.com\/wp-content\/uploads\/2020\/09\/zones-300x1691-1-1-125x70.jpg 125w, https:\/\/myhairmd.com\/wp-content\/uploads\/2020\/09\/zones-300x1691-1-1-75x42.jpg 75w\" sizes=\"auto, (max-width: 300px) 100vw, 300px\" \/><\/p>\n<p><strong>Paso 1 -&nbsp;<\/strong>My Hair MD accurately measures the thin or bald area using our proprietary hair restoration template to determine how many square centimeters need to be restored. Hair Restoration Goals differ among patients which makes measuring a viable tool for determining how many follicular grafts it will take to get the desired look you want.<\/p>\n<p><strong>Paso 2 -&nbsp;<\/strong>Once the thin or bald area is measured in square centimeters we then discuss coverage vs density which is Based on Modern Hair Science. The size of the thin or bald area is multiplied by the desired density factor which equals the total number Natural Follicular Graft\/Units needed to fill that area.<\/p>\n<p><strong>Paso 3 -&nbsp;<\/strong>Pricing is based on the number of Follicular Units Transplanted. There are two different hair restoration methods each has specific advantages. The method you choose will dictate the total price. We Offer Both FUE (Follicular Unit Extraction) and FUG (Standard Strip Method).<\/p>\n<p>&nbsp;<\/p>\n<h3>Dos Maneras De Empezar<\/h3>\n<p><strong>1. Hacer cita para una evaluaci\u00f3n y consulta en persona<\/strong><br \/>\nWe will review the extent of your hair loss, take measurements of the troubled area and work up an accurate price quote and treatment schedule to restore your hair. This consultation is free and only takes about 30-45 minutes to complete (either in our office or virtually).<\/p>\n<p>&nbsp;<\/p>\n<p><strong>2. Hacer una consulta telef\u00f3nica<\/strong><br \/>\n<a href=\"https:\/\/myhairmd.com\/es\/contact-us\/\">Complete el formulario<\/a> and provide us with pictures of your Hair Loss Concerns. Based on&nbsp;your photos and our Hair Restoration Calculator, you\u2019ll receive a written price quote.<\/p>\n<p>&nbsp;<\/p>\n<p><b>Consideraciones<\/b><br \/>\nAll Consultations include ample opportunity for you to have \u201cAll&nbsp;Questions Answered\u201d<br \/>\n<b>Consumidores informados y expectativas realistas<\/b><\/p>\n<ul>\n<li>\n<ul>\n<li>\u00bfQu\u00e9 tan grueso quieres tu nuevo cabello?<\/li>\n<li>\u00bfEst\u00e1 buscando densidad o cobertura adicional?<\/li>\n<li>\u00bfSu p\u00e9rdida de cabello ocurri\u00f3 durante muchos a\u00f1os?<\/li>\n<li>Restauraci\u00f3n capilar requiere una planificaci\u00f3n considerable.<\/li>\n<li>Cualquiera que te diga \"Obtener una cabeza completa de pelo en un solo procedimiento,\u201d  te est\u00e1 enga\u00f1ando.<\/li>\n<\/ul>\n<\/li>\n<\/ul>\n<p>&nbsp;<\/p>\n\n\t\t<\/div>\n\t<\/div>\n<\/div><\/div><\/div><div class=\"wpb_column vc_column_container vc_col-sm-4\"><div class=\"vc_column-inner\"><div class=\"wpb_wrapper\">\n\t<div  class=\"wpb_single_image wpb_content_element vc_align_center wpb_content_element\">\n\t\t\n\t\t<figure class=\"wpb_wrapper vc_figure\">\n\t\t\t<div class=\"vc_single_image-wrapper   vc_box_border_grey\"><img loading=\"lazy\" decoding=\"async\" width=\"170\" height=\"1024\" src=\"https:\/\/myhairmd.com\/wp-content\/uploads\/2020\/09\/coverage-or-density-170x10241-1-1.jpg\" class=\"vc_single_image-img attachment-full\" alt=\"Hair Transplant\" title=\"coverage-or-density-170x10241-1 (1)\" srcset=\"https:\/\/myhairmd.com\/wp-content\/uploads\/2020\/09\/coverage-or-density-170x10241-1-1.jpg 170w, https:\/\/myhairmd.com\/wp-content\/uploads\/2020\/09\/coverage-or-density-170x10241-1-1-21x125.jpg 21w\" sizes=\"auto, (max-width: 170px) 100vw, 170px\" \/><\/div>\n\t\t<\/figure>\n\t<\/div>\n<\/div><\/div><\/div><\/div><\/div><\/div><\/div><\/div><\/div><div class=\"vc_row wpb_row vc_row-fluid\"><div class=\"xt-container xt-container-center xt-padding-none\"><div class=\"wpb_column vc_column_container vc_col-sm-12\"><div class=\"vc_column-inner\"><div class=\"wpb_wrapper\"><div class=\"vc_row wpb_row vc_inner vc_row-fluid\"><div class=\"wpb_column vc_column_container vc_col-sm-12\"><div class=\"vc_column-inner\"><div class=\"wpb_wrapper\">\n\t<div class=\"wpb_text_column wpb_content_element\" >\n\t\t<div class=\"wpb_wrapper\">\n\t\t\t<h3><strong>Esto es lo que obtienes<\/strong><\/h3>\n<ul>\n<li><strong>Obtenga Respuestas Honestas.<\/strong><br \/>\nNo hacemos promesas poco realistas. Le daremos respuestas directas a sus preguntas sin t\u00e9rminos o n\u00fameros confusos. A pesar de lo que se anuncia en otros lugares, la verdad es que la mayor\u00eda de los pacientes requieren m\u00e1s de una sola cirug\u00eda para alcanzar su objetivo de p\u00e9rdida de cabello. Por lo tanto, le diremos cu\u00e1l es el n\u00famero m\u00e1s (no menos importante) de injerto\/unidades que puede tomar para alcanzar sus metas.<\/li>\n<li><strong>Obtenga Una Restauraci\u00f3n Del Cabello De Bajo Costo.<\/strong>Las tarifas a $4 por injerto\/unidad se basan en el plan quir\u00fargico completo, no en una cirug\u00eda. Esto le permite \"bloquear\" una tarifa total m\u00e1s baja, lograr el aspecto deseado del cabello a un precio que es realmente asequible.<\/li>\n<li><strong>Obtenga Una Amplia Experiencia En Trasplante De Cabello.<\/strong><br \/>\nNuestro equipo m\u00e9dico tiene m\u00e1s de 100 a\u00f1os de experiencia combinada en Cirug\u00eda de Trasplante de Cabello. Nuestros t\u00e9cnicos quir\u00fargicos tienen una media de 12 a\u00f1os de experiencia.<\/li>\n<li><strong>Consigue injertos 100% naturales.<\/strong><br \/>\nHoy en d\u00eda ofrecemos las t\u00e9cnicas m\u00e1s avanzadas e innovadoras en trasplantes capilares. Reubicamos sus unidades de injertos foliculares naturales a las \u00e1reas donde necesita m\u00e1s cabello. NO cortamos sus injertos en \"Todos los pelos individuales,\" ya que esto resultar\u00eda en una mirada antinatural, delgada y a trav\u00e9s y terminar\u00eda pagando 2 o 3 veces m\u00e1s dinero.<\/li>\n<li><strong>Consigue Una L\u00ednea De Cabello Impecablemente Natural.<\/strong><br \/>\nde cabello de aspecto natural al combinar nuestra experiencia en trasplante de cabello con estilo art\u00edsticas. Tu \u2018pelo nuevo\u2019 se ver\u00e1 completamente natural y se mezclar\u00e1 perfectamente con tu cabello existente. Se ver\u00e1 \"tan natural\" que nadie puede sospechar que tuviste un trasplante de cabello.<\/li>\n<\/ul>\n<p><img loading=\"lazy\" decoding=\"async\" class=\"size-full wp-image-2031 aligncenter\" src=\"https:\/\/myhairmd.com\/wp-content\/uploads\/2020\/09\/zones-300x1691-1-2.jpg\" alt=\"\" width=\"300\" height=\"169\" srcset=\"https:\/\/myhairmd.com\/wp-content\/uploads\/2020\/09\/zones-300x1691-1-2.jpg 300w, https:\/\/myhairmd.com\/wp-content\/uploads\/2020\/09\/zones-300x1691-1-2-125x70.jpg 125w, https:\/\/myhairmd.com\/wp-content\/uploads\/2020\/09\/zones-300x1691-1-2-75x42.jpg 75w\" sizes=\"auto, (max-width: 300px) 100vw, 300px\" \/><\/p>\n<p><em>*Medimos las \u00e1reas de adelgazamiento o calvas para determinar el n\u00famero de cent\u00edmetros cuadrados. Esto nos dice cu\u00e1ntas unidades de injertos foliculares necesitar\u00e1 para alcanzar la densidad deseada.<\/em><\/p>\n<ul>\n<li><strong>Obtener La Densidad M\u00e1xima.<\/strong><br \/>\nNos centramos en una o m\u00e1s zonas; trasplantaremos tanto cabello como sea m\u00e9dicamente seguro en las \u00e1reas de p\u00e9rdida de cabello.<\/li>\n<li><strong>Obtenga Un Plan De Tratamiento Realista.<\/strong><br \/>\nMedimos con precisi\u00f3n las \u00e1reas de p\u00e9rdida de cabello con nuestra plantilla patentada de restauraci\u00f3n capilar para determinar cu\u00e1ntas unidades\/injertos foliculares naturales necesitar\u00e1s.<\/li>\n<li><strong>Obtenga Resultados De Aspecto Natural.<\/strong><br \/>\nAl trasplantar injerto\/unidades foliculares 100% naturales lo m\u00e1s cerca posible entre s\u00ed, los resultados se ven impresionantemente naturales.<\/li>\n<li><strong>Recupera Tu Cabello M\u00e1s R\u00e1pido.<\/strong><br \/>\nNuestro equipo quir\u00fargico puede trasplantar hasta 4000 injertos\/unidades foliculares naturales que contienen hasta 10,000 pelos en una sola cirug\u00eda.<\/li>\n<li><strong>La Experiencia Importa.<\/strong><br \/>\nNuestro personal altamente calificado, nuestra impresionante reputaci\u00f3n, nuestras tarifas asequibles,  al final trae grandes resultados.<\/li>\n<\/ul>\n<h3><strong>Take the next step\u2026 allow us to answer all your questions! &nbsp;Call now to schedule your free, no-obligation consultation!<\/strong><\/h3>\n\n\t\t<\/div>\n\t<\/div>\n<div class=\"vc_empty_space\"   style=\"height: 20px\"><span class=\"vc_empty_space_inner\"><\/span><\/div><\/div><\/div><\/div><\/div><div class=\"vc_row wpb_row vc_inner vc_row-fluid\"><div class=\"wpb_column vc_column_container vc_col-sm-4\"><div class=\"vc_column-inner\"><div class=\"wpb_wrapper\">\n\t<div  class=\"wpb_single_image wpb_content_element vc_align_center wpb_content_element\">\n\t\t\n\t\t<figure class=\"wpb_wrapper vc_figure\">\n\t\t\t<div class=\"vc_single_image-wrapper   vc_box_border_grey\"><img loading=\"lazy\" decoding=\"async\" width=\"219\" height=\"139\" src=\"https:\/\/myhairmd.com\/wp-content\/uploads\/2020\/09\/cc_logos1.jpg\" class=\"vc_single_image-img attachment-full\" alt=\"Credit Cards\" title=\"cc_logos1\" srcset=\"https:\/\/myhairmd.com\/wp-content\/uploads\/2020\/09\/cc_logos1.jpg 219w, https:\/\/myhairmd.com\/wp-content\/uploads\/2020\/09\/cc_logos1-125x79.jpg 125w, https:\/\/myhairmd.com\/wp-content\/uploads\/2020\/09\/cc_logos1-75x48.jpg 75w\" sizes=\"auto, (max-width: 219px) 100vw, 219px\" \/><\/div>\n\t\t<\/figure>\n\t<\/div>\n<\/div><\/div><\/div><div class=\"wpb_column vc_column_container vc_col-sm-8\"><div class=\"vc_column-inner\"><div class=\"wpb_wrapper\">\n\t<div class=\"wpb_text_column wpb_content_element\" >\n\t\t<div class=\"wpb_wrapper\">\n\t\t\t<p><strong>Se aceptan tarjetas mayor de cr\u00e9dito:<\/strong><br \/>\nMasterCard, Visa, Discover y American Express. \nEl pago se debe pagar en su totalidad el dia de la cirug\u00eda. \nSe requiere un dep\u00f3sito de $500 para programar una fecha de procedimiento.<\/p>\n\n\t\t<\/div>\n\t<\/div>\n<\/div><\/div><\/div><\/div><div class=\"vc_empty_space\"   style=\"height: 32px\"><span class=\"vc_empty_space_inner\"><\/span><\/div><\/div><\/div><\/div><\/div><\/div>\n<\/div>","protected":false},"excerpt":{"rendered":"Our Formula For Success OUR FORMULA FOR YOUR SUCCESS Proprietary 3D Hair Mapping and Density Technology FUE Advantage We Measure the size of the thin or bald area you want restored. We Discuss your Hair \u201cDensity Factor\u201d using Modern Hair Science. Are you looking for [...]","protected":false},"author":7,"featured_media":0,"parent":0,"menu_order":0,"comment_status":"closed","ping_status":"closed","template":"","meta":{"_acf_changed":false,"inline_featured_image":false,"advgb_blocks_editor_width":"","advgb_blocks_columns_visual_guide":"","ngg_post_thumbnail":0,"footnotes":""},"class_list":["post-1965","page","type-page","status-publish","hentry","xt-post"],"acf":[],"yoast_head":"<!-- This site is optimized with the Yoast SEO plugin v27.4 - https:\/\/yoast.com\/product\/yoast-seo-wordpress\/ -->\n<title>Affordable Hair Transplant in San Diego, CA | My Hair MD<\/title>\n<meta name=\"description\" content=\"My Hair MD is a certified hair transplant clinic widely known for its affordable hair transplant in San Diego, CA, and its vicinities. Call today to know more about our facility!\" \/>\n<meta name=\"robots\" content=\"index, follow, max-snippet:-1, max-image-preview:large, max-video-preview:-1\" \/>\n<link rel=\"canonical\" href=\"https:\/\/myhairmd.com\/es\/low-cost-hair-transplant\/\" \/>\n<meta property=\"og:locale\" content=\"es_ES\" \/>\n<meta property=\"og:type\" content=\"article\" \/>\n<meta property=\"og:title\" content=\"Affordable Hair Transplant in San Diego, CA | My Hair MD\" \/>\n<meta property=\"og:description\" content=\"My Hair MD is a certified hair transplant clinic widely known for its affordable hair transplant in San Diego, CA, and its vicinities. Call today to know more about our facility!\" \/>\n<meta property=\"og:url\" content=\"https:\/\/myhairmd.com\/es\/low-cost-hair-transplant\/\" \/>\n<meta property=\"og:site_name\" content=\"My Hair MD\" \/>\n<meta property=\"article:modified_time\" content=\"2023-04-18T21:00:46+00:00\" \/>\n<meta property=\"og:image\" content=\"https:\/\/myhairmd.com\/wp-content\/uploads\/2020\/09\/zones-300x1691-1-1.jpg\" \/>\n<meta name=\"twitter:card\" content=\"summary_large_image\" \/>\n<meta name=\"twitter:label1\" content=\"Tiempo de lectura\" \/>\n\t<meta name=\"twitter:data1\" content=\"5 minutos\" \/>\n<script type=\"application\/ld+json\" class=\"yoast-schema-graph\">{\"@context\":\"https:\\\/\\\/schema.org\",\"@graph\":[{\"@type\":\"WebPage\",\"@id\":\"https:\\\/\\\/myhairmd.com\\\/low-cost-hair-transplant\\\/\",\"url\":\"https:\\\/\\\/myhairmd.com\\\/low-cost-hair-transplant\\\/\",\"name\":\"Affordable Hair Transplant in San Diego, CA | My Hair MD\",\"isPartOf\":{\"@id\":\"https:\\\/\\\/myhairmd.com\\\/#website\"},\"primaryImageOfPage\":{\"@id\":\"https:\\\/\\\/myhairmd.com\\\/low-cost-hair-transplant\\\/#primaryimage\"},\"image\":{\"@id\":\"https:\\\/\\\/myhairmd.com\\\/low-cost-hair-transplant\\\/#primaryimage\"},\"thumbnailUrl\":\"https:\\\/\\\/myhairmd.com\\\/wp-content\\\/uploads\\\/2020\\\/09\\\/zones-300x1691-1-1.jpg\",\"datePublished\":\"2020-09-07T07:23:57+00:00\",\"dateModified\":\"2023-04-18T21:00:46+00:00\",\"description\":\"My Hair MD is a certified hair transplant clinic widely known for its affordable hair transplant in San Diego, CA, and its vicinities. Call today to know more about our facility!\",\"inLanguage\":\"es\",\"potentialAction\":[{\"@type\":\"ReadAction\",\"target\":[\"https:\\\/\\\/myhairmd.com\\\/low-cost-hair-transplant\\\/\"]}]},{\"@type\":\"ImageObject\",\"inLanguage\":\"es\",\"@id\":\"https:\\\/\\\/myhairmd.com\\\/low-cost-hair-transplant\\\/#primaryimage\",\"url\":\"https:\\\/\\\/myhairmd.com\\\/wp-content\\\/uploads\\\/2020\\\/09\\\/zones-300x1691-1-1.jpg\",\"contentUrl\":\"https:\\\/\\\/myhairmd.com\\\/wp-content\\\/uploads\\\/2020\\\/09\\\/zones-300x1691-1-1.jpg\"},{\"@type\":\"WebSite\",\"@id\":\"https:\\\/\\\/myhairmd.com\\\/#website\",\"url\":\"https:\\\/\\\/myhairmd.com\\\/\",\"name\":\"My Hair MD\",\"description\":\"Hair Transplant San Diego, CA\",\"publisher\":{\"@id\":\"https:\\\/\\\/myhairmd.com\\\/#organization\"},\"potentialAction\":[{\"@type\":\"SearchAction\",\"target\":{\"@type\":\"EntryPoint\",\"urlTemplate\":\"https:\\\/\\\/myhairmd.com\\\/?s={search_term_string}\"},\"query-input\":{\"@type\":\"PropertyValueSpecification\",\"valueRequired\":true,\"valueName\":\"search_term_string\"}}],\"inLanguage\":\"es\"},{\"@type\":\"Organization\",\"@id\":\"https:\\\/\\\/myhairmd.com\\\/#organization\",\"name\":\"MyHairMD\",\"url\":\"https:\\\/\\\/myhairmd.com\\\/\",\"logo\":{\"@type\":\"ImageObject\",\"inLanguage\":\"es\",\"@id\":\"https:\\\/\\\/myhairmd.com\\\/#\\\/schema\\\/logo\\\/image\\\/\",\"url\":\"https:\\\/\\\/myhairmd.com\\\/wp-content\\\/uploads\\\/2023\\\/04\\\/MyHair_logo_tweak_FINAL_FINAL_color.png\",\"contentUrl\":\"https:\\\/\\\/myhairmd.com\\\/wp-content\\\/uploads\\\/2023\\\/04\\\/MyHair_logo_tweak_FINAL_FINAL_color.png\",\"width\":1756,\"height\":518,\"caption\":\"MyHairMD\"},\"image\":{\"@id\":\"https:\\\/\\\/myhairmd.com\\\/#\\\/schema\\\/logo\\\/image\\\/\"}}]}<\/script>\n<!-- \/ Yoast SEO plugin. -->","yoast_head_json":{"title":"Affordable Hair Transplant in San Diego, CA | My Hair MD","description":"My Hair MD is a certified hair transplant clinic widely known for its affordable hair transplant in San Diego, CA, and its vicinities. Call today to know more about our facility!","robots":{"index":"index","follow":"follow","max-snippet":"max-snippet:-1","max-image-preview":"max-image-preview:large","max-video-preview":"max-video-preview:-1"},"canonical":"https:\/\/myhairmd.com\/es\/low-cost-hair-transplant\/","og_locale":"es_ES","og_type":"article","og_title":"Affordable Hair Transplant in San Diego, CA | My Hair MD","og_description":"My Hair MD is a certified hair transplant clinic widely known for its affordable hair transplant in San Diego, CA, and its vicinities. Call today to know more about our facility!","og_url":"https:\/\/myhairmd.com\/es\/low-cost-hair-transplant\/","og_site_name":"My Hair MD","article_modified_time":"2023-04-18T21:00:46+00:00","og_image":[{"url":"https:\/\/myhairmd.com\/wp-content\/uploads\/2020\/09\/zones-300x1691-1-1.jpg","type":"","width":"","height":""}],"twitter_card":"summary_large_image","twitter_misc":{"Tiempo de lectura":"5 minutos"},"schema":{"@context":"https:\/\/schema.org","@graph":[{"@type":"WebPage","@id":"https:\/\/myhairmd.com\/low-cost-hair-transplant\/","url":"https:\/\/myhairmd.com\/low-cost-hair-transplant\/","name":"Affordable Hair Transplant in San Diego, CA | My Hair MD","isPartOf":{"@id":"https:\/\/myhairmd.com\/#website"},"primaryImageOfPage":{"@id":"https:\/\/myhairmd.com\/low-cost-hair-transplant\/#primaryimage"},"image":{"@id":"https:\/\/myhairmd.com\/low-cost-hair-transplant\/#primaryimage"},"thumbnailUrl":"https:\/\/myhairmd.com\/wp-content\/uploads\/2020\/09\/zones-300x1691-1-1.jpg","datePublished":"2020-09-07T07:23:57+00:00","dateModified":"2023-04-18T21:00:46+00:00","description":"My Hair MD is a certified hair transplant clinic widely known for its affordable hair transplant in San Diego, CA, and its vicinities. Call today to know more about our facility!","inLanguage":"es","potentialAction":[{"@type":"ReadAction","target":["https:\/\/myhairmd.com\/low-cost-hair-transplant\/"]}]},{"@type":"ImageObject","inLanguage":"es","@id":"https:\/\/myhairmd.com\/low-cost-hair-transplant\/#primaryimage","url":"https:\/\/myhairmd.com\/wp-content\/uploads\/2020\/09\/zones-300x1691-1-1.jpg","contentUrl":"https:\/\/myhairmd.com\/wp-content\/uploads\/2020\/09\/zones-300x1691-1-1.jpg"},{"@type":"WebSite","@id":"https:\/\/myhairmd.com\/#website","url":"https:\/\/myhairmd.com\/","name":"Aqui con, MY HAIR TRANSPLANT MD","description":"Hair Transplant San Diego, CA","publisher":{"@id":"https:\/\/myhairmd.com\/#organization"},"potentialAction":[{"@type":"SearchAction","target":{"@type":"EntryPoint","urlTemplate":"https:\/\/myhairmd.com\/?s={search_term_string}"},"query-input":{"@type":"PropertyValueSpecification","valueRequired":true,"valueName":"search_term_string"}}],"inLanguage":"es"},{"@type":"Organization","@id":"https:\/\/myhairmd.com\/#organization","name":"MyHairMD","url":"https:\/\/myhairmd.com\/","logo":{"@type":"ImageObject","inLanguage":"es","@id":"https:\/\/myhairmd.com\/#\/schema\/logo\/image\/","url":"https:\/\/myhairmd.com\/wp-content\/uploads\/2023\/04\/MyHair_logo_tweak_FINAL_FINAL_color.png","contentUrl":"https:\/\/myhairmd.com\/wp-content\/uploads\/2023\/04\/MyHair_logo_tweak_FINAL_FINAL_color.png","width":1756,"height":518,"caption":"MyHairMD"},"image":{"@id":"https:\/\/myhairmd.com\/#\/schema\/logo\/image\/"}}]}},"coauthors":[],"author_meta":{"author_link":"https:\/\/myhairmd.com\/es\/author\/client\/","display_name":"Client"},"relative_dates":{"created":"Publicado 6 a\u00f1os hace","modified":"Actualizado 3 a\u00f1os hace"},"absolute_dates":{"created":"Publicado el septiembre 7, 2020","modified":"Actualizado el abril 18, 2023"},"absolute_dates_time":{"created":"Publicado el septiembre 7, 2020 7:23 am","modified":"Actualizado el abril 18, 2023 2:00 pm"},"featured_img_caption":"","featured_img":false,"series_order":"","_links":{"self":[{"href":"https:\/\/myhairmd.com\/es\/wp-json\/wp\/v2\/pages\/1965","targetHints":{"allow":["GET"]}}],"collection":[{"href":"https:\/\/myhairmd.com\/es\/wp-json\/wp\/v2\/pages"}],"about":[{"href":"https:\/\/myhairmd.com\/es\/wp-json\/wp\/v2\/types\/page"}],"author":[{"embeddable":true,"href":"https:\/\/myhairmd.com\/es\/wp-json\/wp\/v2\/users\/7"}],"replies":[{"embeddable":true,"href":"https:\/\/myhairmd.com\/es\/wp-json\/wp\/v2\/comments?post=1965"}],"version-history":[{"count":2,"href":"https:\/\/myhairmd.com\/es\/wp-json\/wp\/v2\/pages\/1965\/revisions"}],"predecessor-version":[{"id":5638,"href":"https:\/\/myhairmd.com\/es\/wp-json\/wp\/v2\/pages\/1965\/revisions\/5638"}],"wp:attachment":[{"href":"https:\/\/myhairmd.com\/es\/wp-json\/wp\/v2\/media?parent=1965"}],"curies":[{"name":"wp","href":"https:\/\/api.w.org\/{rel}","templated":true}]}}