{"id":1742,"date":"2020-03-24T20:01:40","date_gmt":"2020-03-24T20:01:40","guid":{"rendered":"http:\/\/flawlessmedicalspa.evergenius.co\/?page_id=1742"},"modified":"2023-12-11T13:30:05","modified_gmt":"2023-12-11T21:30:05","slug":"our-facility","status":"publish","type":"page","link":"https:\/\/myhairmd.com\/es\/our-facility\/","title":{"rendered":"Nuestra Oficinia"},"content":{"rendered":"<div class=\"wpb-content-wrapper\"><div class=\"vc_row wpb_row vc_row-fluid xt-banner-inner vc_custom_1587062456877 xt-padding-initial vc_row-has-fill\"><div class=\"xt-container xt-container-center xt-padding-none\"><div class=\"wpb_column vc_column_container vc_col-sm-12\"><div class=\"vc_column-inner\"><div class=\"wpb_wrapper\">\n\t<div class=\"wpb_text_column wpb_content_element xt-white\" >\n\t\t<div class=\"wpb_wrapper\">\n\t\t\t<h1 style=\"text-align: center;\"><span style=\"color: #3d84b0;\">Nuestra Oficinia<\/span><\/h1>\n\n\t\t<\/div>\n\t<\/div>\n<\/div><\/div><\/div><\/div><\/div><div class=\"vc_row wpb_row vc_row-fluid vc_custom_1572531687039 xt-padding-initial\"><div class=\"xt-container xt-container-center xt-padding-none\"><div class=\"wpb_column vc_column_container vc_col-sm-12\"><div class=\"vc_column-inner\"><div class=\"wpb_wrapper\">\n\t<div class=\"wpb_text_column wpb_content_element\" >\n\t\t<div class=\"wpb_wrapper\">\n\t\t\t<h2>Aqui con, MY HAIR TRANSPLANT MD<\/h2>\n<p>Nos apasiona ofrecer los mejores resultados de trasplante de cabello. \nCombinando d\u00e9cadas de conocimiento y experiencia, nuestro cirujano y t\u00e9cnicos trabajan con precisi\u00f3n para ofrecer resultados superiores. Consideramos sus necesidades y expectativas.<\/p>\n<p>&nbsp;<\/p>\n<p>Consideramos cuidadosamente qu\u00e9 t\u00e9cnica quir\u00fargica alcance sus expectativas, basado con tu cabello donante y futura perdida de pelo. Nos comprometemos a darle asesoramiento objetivo y apoyo genuino y le rechazaremos si no estamos seguros de que podamos lograr un gran resultado.<\/p>\n<p>&nbsp;<\/p>\n\n\t\t<\/div>\n\t<\/div>\n<div class=\"vc_empty_space\"   style=\"height: 20px\"><span class=\"vc_empty_space_inner\"><\/span><\/div><div class=\"vc_row wpb_row vc_inner vc_row-fluid\"><div class=\"wpb_column vc_column_container vc_col-sm-6\"><div class=\"vc_column-inner\"><div class=\"wpb_wrapper\">\n\t<div  class=\"wpb_single_image wpb_content_element vc_align_center wpb_content_element\">\n\t\t\n\t\t<figure class=\"wpb_wrapper vc_figure\">\n\t\t\t<div class=\"vc_single_image-wrapper   vc_box_border_grey\"><img loading=\"lazy\" decoding=\"async\" width=\"1024\" height=\"524\" src=\"https:\/\/myhairmd.com\/wp-content\/uploads\/2020\/09\/oceanside-1-1-1024x524-1.png\" class=\"vc_single_image-img attachment-full\" alt=\"oceanside\" title=\"oceanside-1-1-1024x524\" srcset=\"https:\/\/myhairmd.com\/wp-content\/uploads\/2020\/09\/oceanside-1-1-1024x524-1.png 1024w, https:\/\/myhairmd.com\/wp-content\/uploads\/2020\/09\/oceanside-1-1-1024x524-1-400x205.png 400w, https:\/\/myhairmd.com\/wp-content\/uploads\/2020\/09\/oceanside-1-1-1024x524-1-768x393.png 768w, https:\/\/myhairmd.com\/wp-content\/uploads\/2020\/09\/oceanside-1-1-1024x524-1-125x64.png 125w, https:\/\/myhairmd.com\/wp-content\/uploads\/2020\/09\/oceanside-1-1-1024x524-1-75x38.png 75w\" sizes=\"auto, (max-width: 1024px) 100vw, 1024px\" \/><\/div>\n\t\t<\/figure>\n\t<\/div>\n<\/div><\/div><\/div><div class=\"wpb_column vc_column_container vc_col-sm-6\"><div class=\"vc_column-inner\"><div class=\"wpb_wrapper\">\n\t<div class=\"wpb_text_column wpb_content_element\" >\n\t\t<div class=\"wpb_wrapper\">\n\t\t\t<p>My Hair MD, es un proveedor l\u00edder en reemplazo quir\u00fargico permanente del cabello. Hemos proporcionado m\u00e1s de 4,000 trasplantes de cabello para hombres y mujeres que han asistido a nuestras cl\u00ednicas en Los Angeles, Orange County, San Diego, &amp; San Jose.<\/p>\n<p>&nbsp;<\/p>\n<p>Nuestras modernas instalaciones acreditadas por el est\u00e1ndar de salud est\u00e1n dotadas por un equipo cuidadosamente seleccionado de profesionales, que se dedican a la excelencia en el cuidado del paciente, la comodidad y los resultados m\u00e1s altos posibles en la restauraci\u00f3n del cabello.<\/p>\n<p>&nbsp;<\/p>\n<p>Ofrecemos a nuestros pacientes un amplio diagn\u00f3stico y asesoramiento completa de soluciones quir\u00fargicas y no quir\u00fargicas cl\u00ednicamente disponibles. Damos la bienvenida a la oportunidad de analizar sus preocupaciones.<\/p>\n<p>&nbsp;<\/p>\n\n\t\t<\/div>\n\t<\/div>\n<\/div><\/div><\/div><\/div><div class=\"vc_empty_space\"   style=\"height: 20px\"><span class=\"vc_empty_space_inner\"><\/span><\/div><div class=\"vc_row wpb_row vc_inner vc_row-fluid vc_custom_1621909564761\"><div class=\"wpb_column vc_column_container vc_col-sm-6\"><div class=\"vc_column-inner\"><div class=\"wpb_wrapper\">\n\t<div class=\"wpb_text_column wpb_content_element\" >\n\t\t<div class=\"wpb_wrapper\">\n\t\t\t<h3>Nuestra experiencia ofrece resultados reales.<\/h3>\n<p>Adem\u00e1s de ofrecer un trasplante de cabello superior, My Hair MD, nuestro personal se encuentra entre los m\u00e1s experimentados, conocedores y accesibles. El d\u00eda de la cirug\u00eda tiene acceso a lo siguiente para su comodidad:<\/p>\n<p>&nbsp;<\/p>\n<ul>\n<li>Ver pel\u00edculas utlizando servicio de Hulu o Netflix, o puede dormirse.<\/li>\n<li>Wi-Fi gratis<\/li>\n<li>Selecci\u00f3n de almuerzo, donde tu eliges. A mitad de procedimiento puede comer.<\/li>\n<li>Una experiencia agradable y un ambiente<\/li>\n<li>Friendly and knowledgeable staff<\/li>\n<\/ul>\n<p>&nbsp;<\/p>\n\n\t\t<\/div>\n\t<\/div>\n<\/div><\/div><\/div><div class=\"wpb_column vc_column_container vc_col-sm-6\"><div class=\"vc_column-inner\"><div class=\"wpb_wrapper\">\n\t<div  class=\"wpb_single_image wpb_content_element vc_align_center wpb_content_element\">\n\t\t\n\t\t<figure class=\"wpb_wrapper vc_figure\">\n\t\t\t<div class=\"vc_single_image-wrapper   vc_box_border_grey\"><img loading=\"lazy\" decoding=\"async\" width=\"1024\" height=\"682\" src=\"https:\/\/myhairmd.com\/wp-content\/uploads\/2023\/05\/lobby-entryway-1024x682.jpg\" class=\"vc_single_image-img attachment-large\" alt=\"Hair Transplant San Diego - My Hair MD Lobby\" title=\"lobby-entryway\" srcset=\"https:\/\/myhairmd.com\/wp-content\/uploads\/2023\/05\/lobby-entryway-1024x682.jpg 1024w, https:\/\/myhairmd.com\/wp-content\/uploads\/2023\/05\/lobby-entryway-400x267.jpg 400w, https:\/\/myhairmd.com\/wp-content\/uploads\/2023\/05\/lobby-entryway-768x512.jpg 768w, https:\/\/myhairmd.com\/wp-content\/uploads\/2023\/05\/lobby-entryway-125x83.jpg 125w, https:\/\/myhairmd.com\/wp-content\/uploads\/2023\/05\/lobby-entryway-75x50.jpg 75w, https:\/\/myhairmd.com\/wp-content\/uploads\/2023\/05\/lobby-entryway-1536x1024.jpg 1536w, https:\/\/myhairmd.com\/wp-content\/uploads\/2023\/05\/lobby-entryway-18x12.jpg 18w, https:\/\/myhairmd.com\/wp-content\/uploads\/2023\/05\/lobby-entryway.jpg 1970w\" sizes=\"auto, (max-width: 1024px) 100vw, 1024px\" \/><\/div>\n\t\t<\/figure>\n\t<\/div>\n<\/div><\/div><\/div><\/div><div class=\"vc_empty_space\"   style=\"height: 20px\"><span class=\"vc_empty_space_inner\"><\/span><\/div><div class=\"vc_row wpb_row vc_inner vc_row-fluid\"><div class=\"wpb_column vc_column_container vc_col-sm-6\"><div class=\"vc_column-inner\"><div class=\"wpb_wrapper\"><\/div><\/div><\/div><div class=\"wpb_column vc_column_container vc_col-sm-6\"><div class=\"vc_column-inner\"><div class=\"wpb_wrapper\">\n\t<div class=\"wpb_text_column wpb_content_element\" >\n\t\t<div class=\"wpb_wrapper\">\n\t\t\t<h3>Un gran cuidado genuino para pacientes.<\/h3>\n<p>La p\u00e9rdida de cabello var\u00eda de una persona a otra. Esa es la raz\u00f3n por lo que tomamos un enfoque personalizado para entender su posici\u00f3n. Comenzamos con un an\u00e1lisis y examen de cabello, historia familiar, chequo de salud, todo por ayudar determinar la mejor soluci\u00f3n de trasplante de cabello a largo plazo.<\/p>\n<p>&nbsp;<\/p>\n<p>Nuestros cirujanos y personal realmente quieren hacer una diferencia positiva en su vida. No haremos promesas que no podamos cumplir y ofreceremos la mejor soluci\u00f3n permanente para su situaci\u00f3n.<\/p>\n\n\t\t<\/div>\n\t<\/div>\n<\/div><\/div><\/div><\/div><div class=\"vc_empty_space\"   style=\"height: 20px\"><span class=\"vc_empty_space_inner\"><\/span><\/div><\/div><\/div><\/div><\/div><\/div>\n<\/div>","protected":false},"excerpt":{"rendered":"Our Facility My Hair MD At My Hair MD we are passionate about delivering the best hair transplant results. Combining decades of knowledge and experience, our surgeons and hair technicians work with flawless precision to deliver superior permanent results, tailored to your needs and expectations. [...]","protected":false},"author":7,"featured_media":0,"parent":0,"menu_order":0,"comment_status":"closed","ping_status":"closed","template":"","meta":{"_acf_changed":false,"inline_featured_image":false,"advgb_blocks_editor_width":"","advgb_blocks_columns_visual_guide":"","ngg_post_thumbnail":0,"footnotes":""},"class_list":["post-1742","page","type-page","status-publish","hentry","xt-post"],"acf":[],"yoast_head":"<!-- This site is optimized with the Yoast SEO plugin v27.4 - https:\/\/yoast.com\/product\/yoast-seo-wordpress\/ -->\n<title>Hair Transplant Doctor San Diego - Dr. Chao | Hair Transplant Surgeon<\/title>\n<meta name=\"description\" content=\"Meet Dr. Ron Chao, one of the most experienced hair transplant surgeons in the world. Dr. Chao specializes in hair transplants only.\" \/>\n<meta name=\"robots\" content=\"index, follow, max-snippet:-1, max-image-preview:large, max-video-preview:-1\" \/>\n<link rel=\"canonical\" href=\"https:\/\/myhairmd.com\/es\/our-facility\/\" \/>\n<meta property=\"og:locale\" content=\"es_ES\" \/>\n<meta property=\"og:type\" content=\"article\" \/>\n<meta property=\"og:title\" content=\"Hair Transplant Doctor San Diego - Dr. Chao | Hair Transplant Surgeon\" \/>\n<meta property=\"og:description\" content=\"Meet Dr. Ron Chao, one of the most experienced hair transplant surgeons in the world. Dr. Chao specializes in hair transplants only.\" \/>\n<meta property=\"og:url\" content=\"https:\/\/myhairmd.com\/es\/our-facility\/\" \/>\n<meta property=\"og:site_name\" content=\"My Hair MD\" \/>\n<meta property=\"article:modified_time\" content=\"2023-12-11T21:30:05+00:00\" \/>\n<meta name=\"twitter:card\" content=\"summary_large_image\" \/>\n<meta name=\"twitter:label1\" content=\"Tiempo de lectura\" \/>\n\t<meta name=\"twitter:data1\" content=\"2 minutos\" \/>\n<script type=\"application\/ld+json\" class=\"yoast-schema-graph\">{\"@context\":\"https:\\\/\\\/schema.org\",\"@graph\":[{\"@type\":\"WebPage\",\"@id\":\"https:\\\/\\\/myhairmd.com\\\/our-facility\\\/\",\"url\":\"https:\\\/\\\/myhairmd.com\\\/our-facility\\\/\",\"name\":\"Hair Transplant Doctor San Diego - Dr. Chao | Hair Transplant Surgeon\",\"isPartOf\":{\"@id\":\"https:\\\/\\\/myhairmd.com\\\/#website\"},\"datePublished\":\"2020-03-24T20:01:40+00:00\",\"dateModified\":\"2023-12-11T21:30:05+00:00\",\"description\":\"Meet Dr. Ron Chao, one of the most experienced hair transplant surgeons in the world. Dr. Chao specializes in hair transplants only.\",\"inLanguage\":\"es\",\"potentialAction\":[{\"@type\":\"ReadAction\",\"target\":[\"https:\\\/\\\/myhairmd.com\\\/our-facility\\\/\"]}]},{\"@type\":\"WebSite\",\"@id\":\"https:\\\/\\\/myhairmd.com\\\/#website\",\"url\":\"https:\\\/\\\/myhairmd.com\\\/\",\"name\":\"My Hair MD\",\"description\":\"Hair Transplant San Diego, CA\",\"publisher\":{\"@id\":\"https:\\\/\\\/myhairmd.com\\\/#organization\"},\"potentialAction\":[{\"@type\":\"SearchAction\",\"target\":{\"@type\":\"EntryPoint\",\"urlTemplate\":\"https:\\\/\\\/myhairmd.com\\\/?s={search_term_string}\"},\"query-input\":{\"@type\":\"PropertyValueSpecification\",\"valueRequired\":true,\"valueName\":\"search_term_string\"}}],\"inLanguage\":\"es\"},{\"@type\":\"Organization\",\"@id\":\"https:\\\/\\\/myhairmd.com\\\/#organization\",\"name\":\"MyHairMD\",\"url\":\"https:\\\/\\\/myhairmd.com\\\/\",\"logo\":{\"@type\":\"ImageObject\",\"inLanguage\":\"es\",\"@id\":\"https:\\\/\\\/myhairmd.com\\\/#\\\/schema\\\/logo\\\/image\\\/\",\"url\":\"https:\\\/\\\/myhairmd.com\\\/wp-content\\\/uploads\\\/2023\\\/04\\\/MyHair_logo_tweak_FINAL_FINAL_color.png\",\"contentUrl\":\"https:\\\/\\\/myhairmd.com\\\/wp-content\\\/uploads\\\/2023\\\/04\\\/MyHair_logo_tweak_FINAL_FINAL_color.png\",\"width\":1756,\"height\":518,\"caption\":\"MyHairMD\"},\"image\":{\"@id\":\"https:\\\/\\\/myhairmd.com\\\/#\\\/schema\\\/logo\\\/image\\\/\"}}]}<\/script>\n<!-- \/ Yoast SEO plugin. -->","yoast_head_json":{"title":"Hair Transplant Doctor San Diego - Dr. Chao | Hair Transplant Surgeon","description":"Meet Dr. Ron Chao, one of the most experienced hair transplant surgeons in the world. Dr. Chao specializes in hair transplants only.","robots":{"index":"index","follow":"follow","max-snippet":"max-snippet:-1","max-image-preview":"max-image-preview:large","max-video-preview":"max-video-preview:-1"},"canonical":"https:\/\/myhairmd.com\/es\/our-facility\/","og_locale":"es_ES","og_type":"article","og_title":"Hair Transplant Doctor San Diego - Dr. Chao | Hair Transplant Surgeon","og_description":"Meet Dr. Ron Chao, one of the most experienced hair transplant surgeons in the world. Dr. Chao specializes in hair transplants only.","og_url":"https:\/\/myhairmd.com\/es\/our-facility\/","og_site_name":"My Hair MD","article_modified_time":"2023-12-11T21:30:05+00:00","twitter_card":"summary_large_image","twitter_misc":{"Tiempo de lectura":"2 minutos"},"schema":{"@context":"https:\/\/schema.org","@graph":[{"@type":"WebPage","@id":"https:\/\/myhairmd.com\/our-facility\/","url":"https:\/\/myhairmd.com\/our-facility\/","name":"Hair Transplant Doctor San Diego - Dr. Chao | Hair Transplant Surgeon","isPartOf":{"@id":"https:\/\/myhairmd.com\/#website"},"datePublished":"2020-03-24T20:01:40+00:00","dateModified":"2023-12-11T21:30:05+00:00","description":"Meet Dr. Ron Chao, one of the most experienced hair transplant surgeons in the world. Dr. Chao specializes in hair transplants only.","inLanguage":"es","potentialAction":[{"@type":"ReadAction","target":["https:\/\/myhairmd.com\/our-facility\/"]}]},{"@type":"WebSite","@id":"https:\/\/myhairmd.com\/#website","url":"https:\/\/myhairmd.com\/","name":"Aqui con, MY HAIR TRANSPLANT MD","description":"Hair Transplant San Diego, CA","publisher":{"@id":"https:\/\/myhairmd.com\/#organization"},"potentialAction":[{"@type":"SearchAction","target":{"@type":"EntryPoint","urlTemplate":"https:\/\/myhairmd.com\/?s={search_term_string}"},"query-input":{"@type":"PropertyValueSpecification","valueRequired":true,"valueName":"search_term_string"}}],"inLanguage":"es"},{"@type":"Organization","@id":"https:\/\/myhairmd.com\/#organization","name":"MyHairMD","url":"https:\/\/myhairmd.com\/","logo":{"@type":"ImageObject","inLanguage":"es","@id":"https:\/\/myhairmd.com\/#\/schema\/logo\/image\/","url":"https:\/\/myhairmd.com\/wp-content\/uploads\/2023\/04\/MyHair_logo_tweak_FINAL_FINAL_color.png","contentUrl":"https:\/\/myhairmd.com\/wp-content\/uploads\/2023\/04\/MyHair_logo_tweak_FINAL_FINAL_color.png","width":1756,"height":518,"caption":"MyHairMD"},"image":{"@id":"https:\/\/myhairmd.com\/#\/schema\/logo\/image\/"}}]}},"coauthors":[],"author_meta":{"author_link":"https:\/\/myhairmd.com\/es\/author\/client\/","display_name":"Client"},"relative_dates":{"created":"Publicado 6 a\u00f1os hace","modified":"Actualizado 2 a\u00f1os hace"},"absolute_dates":{"created":"Publicado el marzo 24, 2020","modified":"Actualizado el diciembre 11, 2023"},"absolute_dates_time":{"created":"Publicado el marzo 24, 2020 8:01 pm","modified":"Actualizado el diciembre 11, 2023 1:30 pm"},"featured_img_caption":"","featured_img":false,"series_order":"","_links":{"self":[{"href":"https:\/\/myhairmd.com\/es\/wp-json\/wp\/v2\/pages\/1742","targetHints":{"allow":["GET"]}}],"collection":[{"href":"https:\/\/myhairmd.com\/es\/wp-json\/wp\/v2\/pages"}],"about":[{"href":"https:\/\/myhairmd.com\/es\/wp-json\/wp\/v2\/types\/page"}],"author":[{"embeddable":true,"href":"https:\/\/myhairmd.com\/es\/wp-json\/wp\/v2\/users\/7"}],"replies":[{"embeddable":true,"href":"https:\/\/myhairmd.com\/es\/wp-json\/wp\/v2\/comments?post=1742"}],"version-history":[{"count":7,"href":"https:\/\/myhairmd.com\/es\/wp-json\/wp\/v2\/pages\/1742\/revisions"}],"predecessor-version":[{"id":5674,"href":"https:\/\/myhairmd.com\/es\/wp-json\/wp\/v2\/pages\/1742\/revisions\/5674"}],"wp:attachment":[{"href":"https:\/\/myhairmd.com\/es\/wp-json\/wp\/v2\/media?parent=1742"}],"curies":[{"name":"wp","href":"https:\/\/api.w.org\/{rel}","templated":true}]}}